{"id":51,"date":"2023-07-21T08:21:33","date_gmt":"2023-07-21T08:21:33","guid":{"rendered":"https:\/\/explore.cranbourn.com\/?page_id=51"},"modified":"2023-08-24T11:20:05","modified_gmt":"2023-08-24T10:20:05","slug":"nasza-zrownowazona-misja","status":"publish","type":"page","link":"https:\/\/explore.cranbourn.com\/pl\/our-sustainable-mission\/","title":{"rendered":"NASZA MISJA ZR\u00d3WNOWA\u017bONEGO ROZWOJU"},"content":{"rendered":"<p><span class=\"no-translate\" data-no-auto-translation=\"\">CRANBOURN<sup>\u00ae<\/sup><\/span> to wsp\u00f3\u0142czesna brytyjska marka perfum, kt\u00f3ra wprowadza zr\u00f3wnowa\u017cony rozw\u00f3j i przejrzysto\u015b\u0107 do \u015bwiata luksusu. Posiadamy certyfikat B Corp, a nasze produkty posiadaj\u0105 certyfikaty Leaping Bunny, The Vegetarian Society i FSC. Dowiedz si\u0119 wi\u0119cej o naszym etosu zr\u00f3wnowa\u017conego rozwoju.<\/p>","protected":false},"excerpt":{"rendered":"<p>CRANBOURN\u00ae to wsp\u00f3\u0142czesna brytyjska marka perfum, kt\u00f3ra wnosi zr\u00f3wnowa\u017cony rozw\u00f3j i przejrzysto\u015b\u0107 do \u015bwiata luksusu. Posiadamy certyfikat B Corp, a nasze produkty posiadaj\u0105 certyfikaty Leaping Bunny, The Vegetarian Society i FSC. Dowiedz si\u0119 wi\u0119cej o naszym zr\u00f3wnowa\u017conym etosie.<\/p>","protected":false},"author":2,"featured_media":230,"parent":0,"menu_order":0,"comment_status":"closed","ping_status":"closed","template":"template-sustainability.php","meta":{"_acf_changed":false,"footnotes":""},"class_list":["post-51","page","type-page","status-publish","has-post-thumbnail","hentry"],"acf":[],"yoast_head":"<!-- This site is optimized with the Yoast SEO plugin v27.3 - https:\/\/yoast.com\/product\/yoast-seo-wordpress\/ -->\n<title>OUR SUSTAINABLE MISSION - EXPLORE CRANBOURN\u00ae<\/title>\n<meta name=\"description\" content=\"Explore CRANBOURN\u00ae&#039;s Sustainable Mission. We are B Corp and Leaping Bunny (Cruelty-Free International), The Vegetarian Society Certified.\" \/>\n<meta name=\"robots\" content=\"index, follow, max-snippet:-1, max-image-preview:large, max-video-preview:-1\" \/>\n<link rel=\"canonical\" href=\"https:\/\/explore.cranbourn.com\/pl\/nasza-zrownowazona-misja\/\" \/>\n<meta property=\"og:locale\" content=\"pl_PL\" \/>\n<meta property=\"og:type\" content=\"article\" \/>\n<meta property=\"og:title\" content=\"OUR SUSTAINABLE MISSION - EXPLORE CRANBOURN\u00ae\" \/>\n<meta property=\"og:description\" content=\"Explore CRANBOURN\u00ae&#039;s Sustainable Mission. We are B Corp and Leaping Bunny (Cruelty-Free International), The Vegetarian Society Certified.\" \/>\n<meta property=\"og:url\" content=\"https:\/\/explore.cranbourn.com\/pl\/nasza-zrownowazona-misja\/\" \/>\n<meta property=\"og:site_name\" content=\"EXPLORE CRANBOURN\u00ae\" \/>\n<meta property=\"article:publisher\" content=\"https:\/\/www.facebook.com\/cranbourn\/\" \/>\n<meta property=\"article:modified_time\" content=\"2023-08-24T10:20:05+00:00\" \/>\n<meta property=\"og:image\" content=\"https:\/\/explore.cranbourn.com\/wp-content\/uploads\/2023\/07\/hero-philosophy.jpg\" \/>\n\t<meta property=\"og:image:width\" content=\"1400\" \/>\n\t<meta property=\"og:image:height\" content=\"787\" \/>\n\t<meta property=\"og:image:type\" content=\"image\/jpeg\" \/>\n<meta name=\"twitter:card\" content=\"summary_large_image\" \/>\n<meta name=\"twitter:site\" content=\"@CRANBOURN_\" \/>\n<meta name=\"twitter:label1\" content=\"Szacowany czas czytania\" \/>\n\t<meta name=\"twitter:data1\" content=\"1 minuta\" \/>\n<script type=\"application\/ld+json\" class=\"yoast-schema-graph\">{\"@context\":\"https:\\\/\\\/schema.org\",\"@graph\":[{\"@type\":\"WebPage\",\"@id\":\"https:\\\/\\\/explore.cranbourn.com\\\/our-sustainable-mission\\\/\",\"url\":\"https:\\\/\\\/explore.cranbourn.com\\\/our-sustainable-mission\\\/\",\"name\":\"OUR SUSTAINABLE MISSION - EXPLORE CRANBOURN\u00ae\",\"isPartOf\":{\"@id\":\"https:\\\/\\\/trialexplore.cranbourn.com\\\/#website\"},\"primaryImageOfPage\":{\"@id\":\"https:\\\/\\\/explore.cranbourn.com\\\/our-sustainable-mission\\\/#primaryimage\"},\"image\":{\"@id\":\"https:\\\/\\\/explore.cranbourn.com\\\/our-sustainable-mission\\\/#primaryimage\"},\"thumbnailUrl\":\"https:\\\/\\\/explore.cranbourn.com\\\/wp-content\\\/uploads\\\/avifenc\\\/2023\\\/07\\\/hero-philosophy.avif\",\"datePublished\":\"2023-07-21T08:21:33+00:00\",\"dateModified\":\"2023-08-24T10:20:05+00:00\",\"description\":\"Explore CRANBOURN\u00ae's Sustainable Mission. We are B Corp and Leaping Bunny (Cruelty-Free International), The Vegetarian Society Certified.\",\"breadcrumb\":{\"@id\":\"https:\\\/\\\/explore.cranbourn.com\\\/our-sustainable-mission\\\/#breadcrumb\"},\"inLanguage\":\"pl-PL\",\"potentialAction\":[{\"@type\":\"ReadAction\",\"target\":[\"https:\\\/\\\/explore.cranbourn.com\\\/our-sustainable-mission\\\/\"]}]},{\"@type\":\"ImageObject\",\"inLanguage\":\"pl-PL\",\"@id\":\"https:\\\/\\\/explore.cranbourn.com\\\/our-sustainable-mission\\\/#primaryimage\",\"url\":\"https:\\\/\\\/explore.cranbourn.com\\\/wp-content\\\/uploads\\\/avifenc\\\/2023\\\/07\\\/hero-philosophy.avif\",\"contentUrl\":\"https:\\\/\\\/explore.cranbourn.com\\\/wp-content\\\/uploads\\\/avifenc\\\/2023\\\/07\\\/hero-philosophy.avif\",\"width\":1400,\"height\":787},{\"@type\":\"BreadcrumbList\",\"@id\":\"https:\\\/\\\/explore.cranbourn.com\\\/our-sustainable-mission\\\/#breadcrumb\",\"itemListElement\":[{\"@type\":\"ListItem\",\"position\":1,\"name\":\"Home\",\"item\":\"https:\\\/\\\/explore.cranbourn.com\\\/\"},{\"@type\":\"ListItem\",\"position\":2,\"name\":\"OUR SUSTAINABLE MISSION\"}]},{\"@type\":\"WebSite\",\"@id\":\"https:\\\/\\\/trialexplore.cranbourn.com\\\/#website\",\"url\":\"https:\\\/\\\/trialexplore.cranbourn.com\\\/\",\"name\":\"EXPLORE CRANBOURN\u00ae\",\"description\":\"CRANBOURN\u00ae - EXPLORE | DISCOVER | EXPERIENCE | ENRICH\",\"publisher\":{\"@id\":\"https:\\\/\\\/trialexplore.cranbourn.com\\\/#organization\"},\"potentialAction\":[{\"@type\":\"SearchAction\",\"target\":{\"@type\":\"EntryPoint\",\"urlTemplate\":\"https:\\\/\\\/trialexplore.cranbourn.com\\\/?s={search_term_string}\"},\"query-input\":{\"@type\":\"PropertyValueSpecification\",\"valueRequired\":true,\"valueName\":\"search_term_string\"}}],\"inLanguage\":\"pl-PL\"},{\"@type\":\"Organization\",\"@id\":\"https:\\\/\\\/trialexplore.cranbourn.com\\\/#organization\",\"name\":\"CRANBOURN\u00ae\",\"url\":\"https:\\\/\\\/trialexplore.cranbourn.com\\\/\",\"logo\":{\"@type\":\"ImageObject\",\"inLanguage\":\"pl-PL\",\"@id\":\"https:\\\/\\\/trialexplore.cranbourn.com\\\/#\\\/schema\\\/logo\\\/image\\\/\",\"url\":\"https:\\\/\\\/explore.cranbourn.com\\\/wp-content\\\/uploads\\\/2023\\\/07\\\/logo.svg\",\"contentUrl\":\"https:\\\/\\\/explore.cranbourn.com\\\/wp-content\\\/uploads\\\/2023\\\/07\\\/logo.svg\",\"width\":1,\"height\":1,\"caption\":\"CRANBOURN\u00ae\"},\"image\":{\"@id\":\"https:\\\/\\\/trialexplore.cranbourn.com\\\/#\\\/schema\\\/logo\\\/image\\\/\"},\"sameAs\":[\"https:\\\/\\\/www.facebook.com\\\/cranbourn\\\/\",\"https:\\\/\\\/x.com\\\/CRANBOURN_\",\"https:\\\/\\\/www.pinterest.co.uk\\\/CranbournOfficial\\\/\",\"https:\\\/\\\/www.instagram.com\\\/cranbourn\\\/\",\"https:\\\/\\\/www.linkedin.com\\\/company\\\/cranbourn\\\/\"]}]}<\/script>\n<!-- \/ Yoast SEO plugin. -->","yoast_head_json":{"title":"NASZA MISJA ZR\u00d3WNOWA\u017bONEGO ROZWOJU - ODKRYJ CRANBOURN\u00ae","description":"Poznaj zr\u00f3wnowa\u017con\u0105 misj\u0119 CRANBOURN\u00ae. Jeste\u015bmy B Corp i Leaping Bunny (Cruelty-Free International), posiadamy certyfikat Towarzystwa Wegetaria\u0144skiego.","robots":{"index":"index","follow":"follow","max-snippet":"max-snippet:-1","max-image-preview":"max-image-preview:large","max-video-preview":"max-video-preview:-1"},"canonical":"https:\/\/explore.cranbourn.com\/pl\/nasza-zrownowazona-misja\/","og_locale":"pl_PL","og_type":"article","og_title":"OUR SUSTAINABLE MISSION - EXPLORE CRANBOURN\u00ae","og_description":"Explore CRANBOURN\u00ae's Sustainable Mission. We are B Corp and Leaping Bunny (Cruelty-Free International), The Vegetarian Society Certified.","og_url":"https:\/\/explore.cranbourn.com\/pl\/nasza-zrownowazona-misja\/","og_site_name":"EXPLORE CRANBOURN\u00ae","article_publisher":"https:\/\/www.facebook.com\/cranbourn\/","article_modified_time":"2023-08-24T10:20:05+00:00","og_image":[{"width":1400,"height":787,"url":"https:\/\/explore.cranbourn.com\/wp-content\/uploads\/2023\/07\/hero-philosophy.jpg","type":"image\/jpeg"}],"twitter_card":"summary_large_image","twitter_site":"@CRANBOURN_","twitter_misc":{"Szacowany czas czytania":"1 minuta"},"schema":{"@context":"https:\/\/schema.org","@graph":[{"@type":"WebPage","@id":"https:\/\/explore.cranbourn.com\/our-sustainable-mission\/","url":"https:\/\/explore.cranbourn.com\/our-sustainable-mission\/","name":"NASZA MISJA ZR\u00d3WNOWA\u017bONEGO ROZWOJU - ODKRYJ CRANBOURN\u00ae","isPartOf":{"@id":"https:\/\/trialexplore.cranbourn.com\/#website"},"primaryImageOfPage":{"@id":"https:\/\/explore.cranbourn.com\/our-sustainable-mission\/#primaryimage"},"image":{"@id":"https:\/\/explore.cranbourn.com\/our-sustainable-mission\/#primaryimage"},"thumbnailUrl":"https:\/\/explore.cranbourn.com\/wp-content\/uploads\/avifenc\/2023\/07\/hero-philosophy.avif","datePublished":"2023-07-21T08:21:33+00:00","dateModified":"2023-08-24T10:20:05+00:00","description":"Poznaj zr\u00f3wnowa\u017con\u0105 misj\u0119 CRANBOURN\u00ae. Jeste\u015bmy B Corp i Leaping Bunny (Cruelty-Free International), posiadamy certyfikat Towarzystwa Wegetaria\u0144skiego.","breadcrumb":{"@id":"https:\/\/explore.cranbourn.com\/our-sustainable-mission\/#breadcrumb"},"inLanguage":"pl-PL","potentialAction":[{"@type":"ReadAction","target":["https:\/\/explore.cranbourn.com\/our-sustainable-mission\/"]}]},{"@type":"ImageObject","inLanguage":"pl-PL","@id":"https:\/\/explore.cranbourn.com\/our-sustainable-mission\/#primaryimage","url":"https:\/\/explore.cranbourn.com\/wp-content\/uploads\/avifenc\/2023\/07\/hero-philosophy.avif","contentUrl":"https:\/\/explore.cranbourn.com\/wp-content\/uploads\/avifenc\/2023\/07\/hero-philosophy.avif","width":1400,"height":787},{"@type":"BreadcrumbList","@id":"https:\/\/explore.cranbourn.com\/our-sustainable-mission\/#breadcrumb","itemListElement":[{"@type":"ListItem","position":1,"name":"Home","item":"https:\/\/explore.cranbourn.com\/"},{"@type":"ListItem","position":2,"name":"OUR SUSTAINABLE MISSION"}]},{"@type":"WebSite","@id":"https:\/\/trialexplore.cranbourn.com\/#website","url":"https:\/\/trialexplore.cranbourn.com\/","name":"ODKRYJ CRANBOURN\u00ae","description":"CRANBOURN\u00ae - POZNAJ | ODKRYJ | DO\u015aWIADCZENIE | WZBOGACA\u0106","publisher":{"@id":"https:\/\/trialexplore.cranbourn.com\/#organization"},"potentialAction":[{"@type":"SearchAction","target":{"@type":"EntryPoint","urlTemplate":"https:\/\/trialexplore.cranbourn.com\/?s={search_term_string}"},"query-input":{"@type":"PropertyValueSpecification","valueRequired":true,"valueName":"search_term_string"}}],"inLanguage":"pl-PL"},{"@type":"Organization","@id":"https:\/\/trialexplore.cranbourn.com\/#organization","name":"CRANBOURN\u00ae","url":"https:\/\/trialexplore.cranbourn.com\/","logo":{"@type":"ImageObject","inLanguage":"pl-PL","@id":"https:\/\/trialexplore.cranbourn.com\/#\/schema\/logo\/image\/","url":"https:\/\/explore.cranbourn.com\/wp-content\/uploads\/2023\/07\/logo.svg","contentUrl":"https:\/\/explore.cranbourn.com\/wp-content\/uploads\/2023\/07\/logo.svg","width":1,"height":1,"caption":"CRANBOURN\u00ae"},"image":{"@id":"https:\/\/trialexplore.cranbourn.com\/#\/schema\/logo\/image\/"},"sameAs":["https:\/\/www.facebook.com\/cranbourn\/","https:\/\/x.com\/CRANBOURN_","https:\/\/www.pinterest.co.uk\/CranbournOfficial\/","https:\/\/www.instagram.com\/cranbourn\/","https:\/\/www.linkedin.com\/company\/cranbourn\/"]}]}},"jetpack_sharing_enabled":true,"_links":{"self":[{"href":"https:\/\/explore.cranbourn.com\/pl\/wp-json\/wp\/v2\/pages\/51","targetHints":{"allow":["GET"]}}],"collection":[{"href":"https:\/\/explore.cranbourn.com\/pl\/wp-json\/wp\/v2\/pages"}],"about":[{"href":"https:\/\/explore.cranbourn.com\/pl\/wp-json\/wp\/v2\/types\/page"}],"author":[{"embeddable":true,"href":"https:\/\/explore.cranbourn.com\/pl\/wp-json\/wp\/v2\/users\/2"}],"replies":[{"embeddable":true,"href":"https:\/\/explore.cranbourn.com\/pl\/wp-json\/wp\/v2\/comments?post=51"}],"version-history":[{"count":0,"href":"https:\/\/explore.cranbourn.com\/pl\/wp-json\/wp\/v2\/pages\/51\/revisions"}],"wp:featuredmedia":[{"embeddable":true,"href":"https:\/\/explore.cranbourn.com\/pl\/wp-json\/wp\/v2\/media\/230"}],"wp:attachment":[{"href":"https:\/\/explore.cranbourn.com\/pl\/wp-json\/wp\/v2\/media?parent=51"}],"curies":[{"name":"wp","href":"https:\/\/api.w.org\/{rel}","templated":true}]}}