{"id":39,"date":"2023-07-21T06:05:24","date_gmt":"2023-07-21T06:05:24","guid":{"rendered":"https:\/\/explore.cranbourn.com\/?page_id=39"},"modified":"2024-12-20T15:09:19","modified_gmt":"2024-12-20T15:09:19","slug":"raziskovanje-disav-odkrivanje-zbirk-disav-vpogled-v-parfumerijo","status":"publish","type":"page","link":"https:\/\/explore.cranbourn.com\/sl\/","title":{"rendered":"ODKRIVANJE DI\u0160AV"},"content":{"rendered":"<h1 class=\"\">RAZISKOVANJE <span class=\"no-translate\" data-no-auto-translation=\"\">CRANBOURN<sup>\u00ae<\/sup><\/span><\/h1>\n<p>Odkrijte zbirke di\u0161av, vpoglede v parfumerijo, \u017eivljenjski slog, trajnost, atmosferi\u010dne sezname predvajanja, ki spremljajo na\u0161e di\u0161ave, in \u0161e ve\u010d.<\/p>","protected":false},"excerpt":{"rendered":"<p>RAZI\u0160\u010cITE CRANBOURN\u00ae Odkrijte zbirke di\u0161av, parfumerijske vpoglede, \u017eivljenjski slog, trajnost, atmosferi\u010dne sezname predvajanja, ki spremljajo na\u0161e di\u0161ave, in \u0161e ve\u010d.<\/p>","protected":false},"author":2,"featured_media":283,"parent":0,"menu_order":0,"comment_status":"closed","ping_status":"closed","template":"template-home.php","meta":{"_acf_changed":false,"footnotes":""},"class_list":["post-39","page","type-page","status-publish","has-post-thumbnail","hentry"],"acf":[],"yoast_head":"<!-- This site is optimized with the Yoast SEO plugin v27.3 - https:\/\/yoast.com\/product\/yoast-seo-wordpress\/ -->\n<title>FRAGRANCE DISCOVERY - EXPLORE CRANBOURN\u00ae<\/title>\n<meta name=\"description\" content=\"Discover CRANBOURN\u00ae Scent Collections, Perfumery Insights, Lifestyle, Sustainability, and Atmospheric Playlists to Accompany our Fragrances.\" \/>\n<meta name=\"robots\" content=\"index, follow, max-snippet:-1, max-image-preview:large, max-video-preview:-1\" \/>\n<link rel=\"canonical\" href=\"https:\/\/explore.cranbourn.com\/sl\/\" \/>\n<meta property=\"og:locale\" content=\"sl_SI\" \/>\n<meta property=\"og:type\" content=\"article\" \/>\n<meta property=\"og:title\" content=\"FRAGRANCE DISCOVERY - EXPLORE CRANBOURN\u00ae\" \/>\n<meta property=\"og:description\" content=\"Discover CRANBOURN\u00ae Scent Collections, Perfumery Insights, Lifestyle, Sustainability, and Atmospheric Playlists to Accompany our Fragrances.\" \/>\n<meta property=\"og:url\" content=\"https:\/\/explore.cranbourn.com\/sl\/\" \/>\n<meta property=\"og:site_name\" content=\"EXPLORE CRANBOURN\u00ae\" \/>\n<meta property=\"article:publisher\" content=\"https:\/\/www.facebook.com\/cranbourn\/\" \/>\n<meta property=\"article:modified_time\" content=\"2024-12-20T15:09:19+00:00\" \/>\n<meta property=\"og:image\" content=\"https:\/\/explore.cranbourn.com\/wp-content\/uploads\/2023\/08\/Screenshot-2023-08-10-at-10.22.37.png\" \/>\n\t<meta property=\"og:image:width\" content=\"1318\" \/>\n\t<meta property=\"og:image:height\" content=\"736\" \/>\n\t<meta property=\"og:image:type\" content=\"image\/png\" \/>\n<meta name=\"twitter:card\" content=\"summary_large_image\" \/>\n<meta name=\"twitter:site\" content=\"@CRANBOURN_\" \/>\n<meta name=\"twitter:label1\" content=\"Est. reading time\" \/>\n\t<meta name=\"twitter:data1\" content=\"1 minuta\" \/>\n<script type=\"application\/ld+json\" class=\"yoast-schema-graph\">{\"@context\":\"https:\\\/\\\/schema.org\",\"@graph\":[{\"@type\":\"WebPage\",\"@id\":\"https:\\\/\\\/explore.cranbourn.com\\\/\",\"url\":\"https:\\\/\\\/explore.cranbourn.com\\\/\",\"name\":\"FRAGRANCE DISCOVERY - EXPLORE CRANBOURN\u00ae\",\"isPartOf\":{\"@id\":\"https:\\\/\\\/trialexplore.cranbourn.com\\\/#website\"},\"primaryImageOfPage\":{\"@id\":\"https:\\\/\\\/explore.cranbourn.com\\\/#primaryimage\"},\"image\":{\"@id\":\"https:\\\/\\\/explore.cranbourn.com\\\/#primaryimage\"},\"thumbnailUrl\":\"https:\\\/\\\/explore.cranbourn.com\\\/wp-content\\\/uploads\\\/avifenc\\\/2023\\\/08\\\/Screenshot-2023-08-10-at-10.22.37.avif\",\"datePublished\":\"2023-07-21T06:05:24+00:00\",\"dateModified\":\"2024-12-20T15:09:19+00:00\",\"description\":\"Discover CRANBOURN\u00ae Scent Collections, Perfumery Insights, Lifestyle, Sustainability, and Atmospheric Playlists to Accompany our Fragrances.\",\"breadcrumb\":{\"@id\":\"https:\\\/\\\/explore.cranbourn.com\\\/#breadcrumb\"},\"inLanguage\":\"sl-SI\",\"potentialAction\":[{\"@type\":\"ReadAction\",\"target\":[\"https:\\\/\\\/explore.cranbourn.com\\\/\"]}]},{\"@type\":\"ImageObject\",\"inLanguage\":\"sl-SI\",\"@id\":\"https:\\\/\\\/explore.cranbourn.com\\\/#primaryimage\",\"url\":\"https:\\\/\\\/explore.cranbourn.com\\\/wp-content\\\/uploads\\\/avifenc\\\/2023\\\/08\\\/Screenshot-2023-08-10-at-10.22.37.avif\",\"contentUrl\":\"https:\\\/\\\/explore.cranbourn.com\\\/wp-content\\\/uploads\\\/avifenc\\\/2023\\\/08\\\/Screenshot-2023-08-10-at-10.22.37.avif\",\"width\":1318,\"height\":736},{\"@type\":\"BreadcrumbList\",\"@id\":\"https:\\\/\\\/explore.cranbourn.com\\\/#breadcrumb\",\"itemListElement\":[{\"@type\":\"ListItem\",\"position\":1,\"name\":\"Home\",\"item\":\"https:\\\/\\\/explore.cranbourn.com\\\/\"},{\"@type\":\"ListItem\",\"position\":2,\"name\":\"FRAGRANCE DISCOVERY\"}]},{\"@type\":\"WebSite\",\"@id\":\"https:\\\/\\\/trialexplore.cranbourn.com\\\/#website\",\"url\":\"https:\\\/\\\/trialexplore.cranbourn.com\\\/\",\"name\":\"EXPLORE CRANBOURN\u00ae\",\"description\":\"CRANBOURN\u00ae - EXPLORE | DISCOVER | EXPERIENCE | ENRICH\",\"publisher\":{\"@id\":\"https:\\\/\\\/trialexplore.cranbourn.com\\\/#organization\"},\"potentialAction\":[{\"@type\":\"SearchAction\",\"target\":{\"@type\":\"EntryPoint\",\"urlTemplate\":\"https:\\\/\\\/trialexplore.cranbourn.com\\\/?s={search_term_string}\"},\"query-input\":{\"@type\":\"PropertyValueSpecification\",\"valueRequired\":true,\"valueName\":\"search_term_string\"}}],\"inLanguage\":\"sl-SI\"},{\"@type\":\"Organization\",\"@id\":\"https:\\\/\\\/trialexplore.cranbourn.com\\\/#organization\",\"name\":\"CRANBOURN\u00ae\",\"url\":\"https:\\\/\\\/trialexplore.cranbourn.com\\\/\",\"logo\":{\"@type\":\"ImageObject\",\"inLanguage\":\"sl-SI\",\"@id\":\"https:\\\/\\\/trialexplore.cranbourn.com\\\/#\\\/schema\\\/logo\\\/image\\\/\",\"url\":\"https:\\\/\\\/explore.cranbourn.com\\\/wp-content\\\/uploads\\\/2023\\\/07\\\/logo.svg\",\"contentUrl\":\"https:\\\/\\\/explore.cranbourn.com\\\/wp-content\\\/uploads\\\/2023\\\/07\\\/logo.svg\",\"width\":1,\"height\":1,\"caption\":\"CRANBOURN\u00ae\"},\"image\":{\"@id\":\"https:\\\/\\\/trialexplore.cranbourn.com\\\/#\\\/schema\\\/logo\\\/image\\\/\"},\"sameAs\":[\"https:\\\/\\\/www.facebook.com\\\/cranbourn\\\/\",\"https:\\\/\\\/x.com\\\/CRANBOURN_\",\"https:\\\/\\\/www.pinterest.co.uk\\\/CranbournOfficial\\\/\",\"https:\\\/\\\/www.instagram.com\\\/cranbourn\\\/\",\"https:\\\/\\\/www.linkedin.com\\\/company\\\/cranbourn\\\/\"]}]}<\/script>\n<!-- \/ Yoast SEO plugin. -->","yoast_head_json":{"title":"ODKRIVANJE DI\u0160AV \u2013 RAZI\u0160\u010cITE CRANBOURN\u00ae","description":"Odkrijte zbirke di\u0161av CRANBOURN\u00ae, vpoglede v parfumerijo, \u017eivljenjski slog, trajnost in atmosferi\u010dne sezname predvajanja, ki spremljajo na\u0161e di\u0161ave.","robots":{"index":"index","follow":"follow","max-snippet":"max-snippet:-1","max-image-preview":"max-image-preview:large","max-video-preview":"max-video-preview:-1"},"canonical":"https:\/\/explore.cranbourn.com\/sl\/","og_locale":"sl_SI","og_type":"article","og_title":"FRAGRANCE DISCOVERY - EXPLORE CRANBOURN\u00ae","og_description":"Discover CRANBOURN\u00ae Scent Collections, Perfumery Insights, Lifestyle, Sustainability, and Atmospheric Playlists to Accompany our Fragrances.","og_url":"https:\/\/explore.cranbourn.com\/sl\/","og_site_name":"EXPLORE CRANBOURN\u00ae","article_publisher":"https:\/\/www.facebook.com\/cranbourn\/","article_modified_time":"2024-12-20T15:09:19+00:00","og_image":[{"width":1318,"height":736,"url":"https:\/\/explore.cranbourn.com\/wp-content\/uploads\/2023\/08\/Screenshot-2023-08-10-at-10.22.37.png","type":"image\/png"}],"twitter_card":"summary_large_image","twitter_site":"@CRANBOURN_","twitter_misc":{"Est. reading time":"1 minuta"},"schema":{"@context":"https:\/\/schema.org","@graph":[{"@type":"WebPage","@id":"https:\/\/explore.cranbourn.com\/","url":"https:\/\/explore.cranbourn.com\/","name":"ODKRIVANJE DI\u0160AV \u2013 RAZI\u0160\u010cITE CRANBOURN\u00ae","isPartOf":{"@id":"https:\/\/trialexplore.cranbourn.com\/#website"},"primaryImageOfPage":{"@id":"https:\/\/explore.cranbourn.com\/#primaryimage"},"image":{"@id":"https:\/\/explore.cranbourn.com\/#primaryimage"},"thumbnailUrl":"https:\/\/explore.cranbourn.com\/wp-content\/uploads\/avifenc\/2023\/08\/Screenshot-2023-08-10-at-10.22.37.avif","datePublished":"2023-07-21T06:05:24+00:00","dateModified":"2024-12-20T15:09:19+00:00","description":"Odkrijte zbirke di\u0161av CRANBOURN\u00ae, vpoglede v parfumerijo, \u017eivljenjski slog, trajnost in atmosferi\u010dne sezname predvajanja, ki spremljajo na\u0161e di\u0161ave.","breadcrumb":{"@id":"https:\/\/explore.cranbourn.com\/#breadcrumb"},"inLanguage":"sl-SI","potentialAction":[{"@type":"ReadAction","target":["https:\/\/explore.cranbourn.com\/"]}]},{"@type":"ImageObject","inLanguage":"sl-SI","@id":"https:\/\/explore.cranbourn.com\/#primaryimage","url":"https:\/\/explore.cranbourn.com\/wp-content\/uploads\/avifenc\/2023\/08\/Screenshot-2023-08-10-at-10.22.37.avif","contentUrl":"https:\/\/explore.cranbourn.com\/wp-content\/uploads\/avifenc\/2023\/08\/Screenshot-2023-08-10-at-10.22.37.avif","width":1318,"height":736},{"@type":"BreadcrumbList","@id":"https:\/\/explore.cranbourn.com\/#breadcrumb","itemListElement":[{"@type":"ListItem","position":1,"name":"Home","item":"https:\/\/explore.cranbourn.com\/"},{"@type":"ListItem","position":2,"name":"FRAGRANCE DISCOVERY"}]},{"@type":"WebSite","@id":"https:\/\/trialexplore.cranbourn.com\/#website","url":"https:\/\/trialexplore.cranbourn.com\/","name":"RAZI\u0160\u010cITE CRANBOURN\u00ae","description":"CRANBOURN\u00ae - RAZI\u0160\u010cITE | ODKRIJTE | IZKU\u0160NJE | OBOGATITI","publisher":{"@id":"https:\/\/trialexplore.cranbourn.com\/#organization"},"potentialAction":[{"@type":"SearchAction","target":{"@type":"EntryPoint","urlTemplate":"https:\/\/trialexplore.cranbourn.com\/?s={search_term_string}"},"query-input":{"@type":"PropertyValueSpecification","valueRequired":true,"valueName":"search_term_string"}}],"inLanguage":"sl-SI"},{"@type":"Organization","@id":"https:\/\/trialexplore.cranbourn.com\/#organization","name":"CRANBOURN\u00ae","url":"https:\/\/trialexplore.cranbourn.com\/","logo":{"@type":"ImageObject","inLanguage":"sl-SI","@id":"https:\/\/trialexplore.cranbourn.com\/#\/schema\/logo\/image\/","url":"https:\/\/explore.cranbourn.com\/wp-content\/uploads\/2023\/07\/logo.svg","contentUrl":"https:\/\/explore.cranbourn.com\/wp-content\/uploads\/2023\/07\/logo.svg","width":1,"height":1,"caption":"CRANBOURN\u00ae"},"image":{"@id":"https:\/\/trialexplore.cranbourn.com\/#\/schema\/logo\/image\/"},"sameAs":["https:\/\/www.facebook.com\/cranbourn\/","https:\/\/x.com\/CRANBOURN_","https:\/\/www.pinterest.co.uk\/CranbournOfficial\/","https:\/\/www.instagram.com\/cranbourn\/","https:\/\/www.linkedin.com\/company\/cranbourn\/"]}]}},"jetpack_sharing_enabled":true,"_links":{"self":[{"href":"https:\/\/explore.cranbourn.com\/sl\/wp-json\/wp\/v2\/pages\/39","targetHints":{"allow":["GET"]}}],"collection":[{"href":"https:\/\/explore.cranbourn.com\/sl\/wp-json\/wp\/v2\/pages"}],"about":[{"href":"https:\/\/explore.cranbourn.com\/sl\/wp-json\/wp\/v2\/types\/page"}],"author":[{"embeddable":true,"href":"https:\/\/explore.cranbourn.com\/sl\/wp-json\/wp\/v2\/users\/2"}],"replies":[{"embeddable":true,"href":"https:\/\/explore.cranbourn.com\/sl\/wp-json\/wp\/v2\/comments?post=39"}],"version-history":[{"count":13,"href":"https:\/\/explore.cranbourn.com\/sl\/wp-json\/wp\/v2\/pages\/39\/revisions"}],"predecessor-version":[{"id":548,"href":"https:\/\/explore.cranbourn.com\/sl\/wp-json\/wp\/v2\/pages\/39\/revisions\/548"}],"wp:featuredmedia":[{"embeddable":true,"href":"https:\/\/explore.cranbourn.com\/sl\/wp-json\/wp\/v2\/media\/283"}],"wp:attachment":[{"href":"https:\/\/explore.cranbourn.com\/sl\/wp-json\/wp\/v2\/media?parent=39"}],"curies":[{"name":"wp","href":"https:\/\/api.w.org\/{rel}","templated":true}]}}